{"id":283,"date":"2021-10-13T13:16:27","date_gmt":"2021-10-13T11:16:27","guid":{"rendered":"https:\/\/service-public-partage.fr\/?page_id=283"},"modified":"2021-10-25T15:44:22","modified_gmt":"2021-10-25T13:44:22","slug":"consultation","status":"publish","type":"page","link":"https:\/\/service-public-partage.fr\/index.php\/consultation\/","title":{"rendered":"Consultation"},"content":{"rendered":"<h3 style=\"text-align: center;\"><strong><a href=\"https:\/\/service-public-partage.fr\/wp-content\/uploads\/2021\/10\/Support-pour-consultation.pdf\">Support pour consultation<\/a><\/strong><\/h3>\n<h3 style=\"text-align: center;\"><strong><a href=\"https:\/\/service-public-partage.fr\/wp-content\/uploads\/2021\/10\/Livre-Blanc-Rapport-interme\u0301diaire-Services-Publics-Partage\u0301s-1.pdf\">Lire le Livre Banc interm\u00e9diaire<\/a><\/strong><\/h3>\n<h3 style=\"text-align: center;\"><strong><a href=\"https:\/\/docs.google.com\/forms\/d\/1m9E-dusr7xwxgkb22ZBoGaFsr1rxGhUDTntwLIJ8Rn4\/prefill\">R\u00e9pondre \u00e0 la consultation<\/a><\/strong><\/h3>\n<p>Suite \u00e0 la <strong>publication du livre blanc<\/strong> sur les SPP, l&#8217;objectif est de permettre aux acteurs concern\u00e9s d&#8217;<strong>apporter une contribution aux travaux r\u00e9alis\u00e9s<\/strong> par le <a href=\"https:\/\/service-public-partage.fr\/index.php\/le-groupe-de-travail\/\">Groupe de Travail.<\/a><\/p>\n<p>Nous vous invitons donc \u00e0 <strong>partager une exp\u00e9rience concr\u00e8te en lien avec les SPP<\/strong> ou une <strong>r\u00e9flexion<\/strong> plus g\u00e9n\u00e9rale autour de cette notion.<\/p>\n<p>Pour ce faire, vous trouverez une note explicative, synth\u00e9tisant les conclusions du groupe de travail, ainsi qu&#8217;un questionnaire.<\/p>\n<p>Nous vous recommandons \u00e9galement de lire le livre blanc, t\u00e9l\u00e9chargeable sur la page d&#8217;accueil du site internet.<\/p>\n<p>Pour plus d&#8217;information, vous pouvez vous adresser \u00e0 <a href=\"mailto:contact@service-public-partage.fr\"><strong>contact@service-public-partage.fr<\/strong><\/a>.<\/p>\n","protected":false},"excerpt":{"rendered":"<p>Support pour consultation Lire le Livre Banc interm\u00e9diaire R\u00e9pondre \u00e0 la consultation Suite \u00e0 la publication du livre blanc sur les SPP, l&#8217;objectif est de permettre aux acteurs concern\u00e9s d&#8217;apporter une contribution aux travaux r\u00e9alis\u00e9s par le Groupe de Travail. Nous vous invitons donc \u00e0 partager une exp\u00e9rience concr\u00e8te en [&hellip;]<\/p>\n","protected":false},"author":3,"featured_media":0,"parent":0,"menu_order":0,"comment_status":"closed","ping_status":"closed","template":"","meta":{"_starter_page_template":""},"_links":{"self":[{"href":"https:\/\/service-public-partage.fr\/index.php\/wp-json\/wp\/v2\/pages\/283"}],"collection":[{"href":"https:\/\/service-public-partage.fr\/index.php\/wp-json\/wp\/v2\/pages"}],"about":[{"href":"https:\/\/service-public-partage.fr\/index.php\/wp-json\/wp\/v2\/types\/page"}],"author":[{"embeddable":true,"href":"https:\/\/service-public-partage.fr\/index.php\/wp-json\/wp\/v2\/users\/3"}],"replies":[{"embeddable":true,"href":"https:\/\/service-public-partage.fr\/index.php\/wp-json\/wp\/v2\/comments?post=283"}],"version-history":[{"count":11,"href":"https:\/\/service-public-partage.fr\/index.php\/wp-json\/wp\/v2\/pages\/283\/revisions"}],"predecessor-version":[{"id":312,"href":"https:\/\/service-public-partage.fr\/index.php\/wp-json\/wp\/v2\/pages\/283\/revisions\/312"}],"wp:attachment":[{"href":"https:\/\/service-public-partage.fr\/index.php\/wp-json\/wp\/v2\/media?parent=283"}],"curies":[{"name":"wp","href":"https:\/\/api.w.org\/{rel}","templated":true}]}}